{"id":70,"date":"2018-09-15T13:14:46","date_gmt":"2018-09-15T10:14:46","guid":{"rendered":"http:\/\/demo.safirtema.com\/denge\/?page_id=70"},"modified":"2022-07-08T19:36:13","modified_gmt":"2022-07-08T16:36:13","slug":"hakkimizda","status":"publish","type":"page","link":"https:\/\/www.gsttrading.de\/tr\/hakkimizda\/","title":{"rendered":"Hakk\u0131m\u0131zda"},"content":{"rendered":"<p>GST TRADDING 2021 y\u0131l\u0131nda Frankfurt\u2019ta kurulmu\u015f olup, \u00a0Almanya merkezli olarak ticaret yapmaktad\u0131r.<\/p>\n<ul>\n<li>\u00d6ncelikle; Konseptimiz ve \u00e7evreye olan duyarl\u0131l\u0131\u011f\u0131m\u0131z kapsam\u0131nda, Almanya\u2019daki son t\u00fcketiciler ve yine Almanya\u2019daki sat\u0131c\u0131lar i\u00e7in \u00fcr\u00fcn temininde \u00e7al\u0131\u015fmalar yapmaktay\u0131z.<\/li>\n<\/ul>\n<p>\u00dczerinde \u00e7al\u0131\u015ft\u0131\u011f\u0131m\u0131z \u00fcr\u00fcnler se\u00e7ilen hammaddeleri gere\u011fi son derece kalitelidirler. Ve yine \u00fcretim s\u00fcre\u00e7lerinde \u00e7evresel etkiler mutlaka dikkate al\u0131nm\u0131\u015flard\u0131r.\u00a0 Avrupa Birli\u011fi kriterleri \u00fcretici firmalara hat\u0131rlat\u0131lmakta ve bu kurallar dahilinde \u00fcretim yap\u0131lmas\u0131 te\u015fvik edilmektedir.<\/p>\n<p>\u015eirket olarak konseptimize uygun \u00fcr\u00fcnleri Avrupa Birli\u011fi i\u00e7indeki \u00fcreticilerden ve yine Birli\u011fe yak\u0131n \u00fclkelerden ve a\u011f\u0131rl\u0131kl\u0131 olarak T\u00fcrkiye\u2019den tedarik etmekteyiz. \u00d6zellikle karbon ayak izi konusundaki hassasiyetimiz kar\u015f\u0131s\u0131nda lojistik s\u00fcrecinin k\u0131sa ve temiz olmas\u0131 da taraf\u0131m\u0131zdan \u00f6nemsenmektedir.<\/p>\n<p>Alman t\u00fcketicisi ve \u015firketlerine sundu\u011fumuz \u00fcr\u00fcnler, kalitelerine oranla lojistik kolayl\u0131klar\u0131 nedeni ile d\u00fc\u015f\u00fck maliyetlidirler.<\/p>\n<p>Yine \u00fcretici \u015firketler ile olan ba\u011flant\u0131lar\u0131m\u0131z kapsam\u0131nda, \u00fcr\u00fcnlerin renk, desen, boyut ve niteliklerinde al\u0131c\u0131lar\u0131m\u0131z\u0131n talepleri do\u011frultusunda de\u011fi\u015fiklik yapt\u0131rabilmekteyiz.<\/p>\n<ul>\n<li>Sahip oldu\u011fumuz yetenekler sayesinde; Alman firmalar\u0131na ait \u00fcr\u00fcnlerin ve hizmetlerin \u00fc\u00e7\u00fcnc\u00fc \u00fclkelere ihracat\u0131nda da arac\u0131l\u0131k yapmaktay\u0131z.<\/li>\n<\/ul>\n<p>Muhtemel al\u0131c\u0131lar\u0131n ihtiya\u00e7lar\u0131 ve beklentileri ile Alman \u00fcreticilerinin \u00fcretim kabiliyetlerinin bir araya getirilmesinde geli\u015fmi\u015f m\u00fc\u015fteri a\u011f\u0131m\u0131z\u0131 kullanmaktay\u0131z. Alman ihracat\u0131nda gelecekte \u00f6nemli bir yer edinecek \u015firketlerin pazara ula\u015fmas\u0131nda katk\u0131m\u0131z\u0131n y\u00fcksek olaca\u011f\u0131n\u0131 g\u00f6rmekteyiz.<\/p>\n<p>Alman \u00fcr\u00fcnlerinin al\u0131c\u0131lara ula\u015ft\u0131r\u0131lmas\u0131nda uluslararas\u0131 ve yerel kurallar\u0131n \u00f6ncelikli olarak uygulanmaktad\u0131r. Bunun yan\u0131 s\u0131ra se\u00e7ilen al\u0131c\u0131lar\u0131n ve kurulan ili\u015fkilerin temelinde her zaman \u00e7evresel duyarl\u0131\u011f\u0131m\u0131z da bulunmaktad\u0131r.<\/p>\n","protected":false},"excerpt":{"rendered":"<p>GST TRADDING 2021 y\u0131l\u0131nda Frankfurt\u2019ta kurulmu\u015f olup, \u00a0Almanya merkezli olarak ticaret yapmaktad\u0131r. \u00d6ncelikle; Konseptimiz ve \u00e7evreye olan duyarl\u0131l\u0131\u011f\u0131m\u0131z kapsam\u0131nda, Almanya\u2019daki son t\u00fcketiciler ve yine Almanya\u2019daki sat\u0131c\u0131lar i\u00e7in \u00fcr\u00fcn temininde \u00e7al\u0131\u015fmalar yapmaktay\u0131z. \u00dczerinde \u00e7al\u0131\u015ft\u0131\u011f\u0131m\u0131z \u00fcr\u00fcnler se\u00e7ilen hammaddeleri gere\u011fi son derece kalitelidirler. Ve yine \u00fcretim s\u00fcre\u00e7lerinde \u00e7evresel etkiler mutlaka dikkate al\u0131nm\u0131\u015flard\u0131r.\u00a0 Avrupa Birli\u011fi kriterleri \u00fcretici firmalara hat\u0131rlat\u0131lmakta [&hellip;]<\/p>\n","protected":false},"author":1,"featured_media":0,"parent":0,"menu_order":0,"comment_status":"closed","ping_status":"closed","template":"","meta":{"footnotes":""},"class_list":["post-70","page","type-page","status-publish","hentry"],"aioseo_notices":[],"_links":{"self":[{"href":"https:\/\/www.gsttrading.de\/tr\/wp-json\/wp\/v2\/pages\/70","targetHints":{"allow":["GET"]}}],"collection":[{"href":"https:\/\/www.gsttrading.de\/tr\/wp-json\/wp\/v2\/pages"}],"about":[{"href":"https:\/\/www.gsttrading.de\/tr\/wp-json\/wp\/v2\/types\/page"}],"author":[{"embeddable":true,"href":"https:\/\/www.gsttrading.de\/tr\/wp-json\/wp\/v2\/users\/1"}],"replies":[{"embeddable":true,"href":"https:\/\/www.gsttrading.de\/tr\/wp-json\/wp\/v2\/comments?post=70"}],"version-history":[{"count":12,"href":"https:\/\/www.gsttrading.de\/tr\/wp-json\/wp\/v2\/pages\/70\/revisions"}],"predecessor-version":[{"id":585,"href":"https:\/\/www.gsttrading.de\/tr\/wp-json\/wp\/v2\/pages\/70\/revisions\/585"}],"wp:attachment":[{"href":"https:\/\/www.gsttrading.de\/tr\/wp-json\/wp\/v2\/media?parent=70"}],"curies":[{"name":"wp","href":"https:\/\/api.w.org\/{rel}","templated":true}]}}