{"id":417,"date":"2022-06-25T14:07:24","date_gmt":"2022-06-25T11:07:24","guid":{"rendered":"https:\/\/www.gsttrading.de\/tr\/?page_id=417"},"modified":"2022-06-25T14:28:50","modified_gmt":"2022-06-25T11:28:50","slug":"is-ortaklarimiz","status":"publish","type":"page","link":"https:\/\/www.gsttrading.de\/tr\/is-ortaklarimiz\/","title":{"rendered":"\u0130\u015f Ortaklar\u0131m\u0131z"},"content":{"rendered":"\n<figure class=\"wp-block-gallery has-nested-images columns-default is-cropped wp-block-gallery-1 is-layout-flex wp-block-gallery-is-layout-flex\">\n<figure class=\"wp-block-image size-large\"><img loading=\"lazy\" decoding=\"async\" width=\"259\" height=\"67\" data-id=\"419\" src=\"https:\/\/www.gsttrading.de\/tr\/wp-content\/uploads\/2022\/06\/arsima-logo-black.png\" alt=\"\" class=\"wp-image-419\"\/><\/figure>\n<\/figure>\n","protected":false},"excerpt":{"rendered":"","protected":false},"author":1,"featured_media":0,"parent":0,"menu_order":0,"comment_status":"closed","ping_status":"closed","template":"pages\/page-references.php","meta":{"footnotes":""},"class_list":["post-417","page","type-page","status-publish","hentry"],"aioseo_notices":[],"_links":{"self":[{"href":"https:\/\/www.gsttrading.de\/tr\/wp-json\/wp\/v2\/pages\/417","targetHints":{"allow":["GET"]}}],"collection":[{"href":"https:\/\/www.gsttrading.de\/tr\/wp-json\/wp\/v2\/pages"}],"about":[{"href":"https:\/\/www.gsttrading.de\/tr\/wp-json\/wp\/v2\/types\/page"}],"author":[{"embeddable":true,"href":"https:\/\/www.gsttrading.de\/tr\/wp-json\/wp\/v2\/users\/1"}],"replies":[{"embeddable":true,"href":"https:\/\/www.gsttrading.de\/tr\/wp-json\/wp\/v2\/comments?post=417"}],"version-history":[{"count":8,"href":"https:\/\/www.gsttrading.de\/tr\/wp-json\/wp\/v2\/pages\/417\/revisions"}],"predecessor-version":[{"id":432,"href":"https:\/\/www.gsttrading.de\/tr\/wp-json\/wp\/v2\/pages\/417\/revisions\/432"}],"wp:attachment":[{"href":"https:\/\/www.gsttrading.de\/tr\/wp-json\/wp\/v2\/media?parent=417"}],"curies":[{"name":"wp","href":"https:\/\/api.w.org\/{rel}","templated":true}]}}