{"id":376,"date":"2022-06-25T12:00:46","date_gmt":"2022-06-25T09:00:46","guid":{"rendered":"https:\/\/www.gsttrading.de\/tr\/?page_id=376"},"modified":"2022-07-08T19:49:44","modified_gmt":"2022-07-08T16:49:44","slug":"konseptimiz","status":"publish","type":"page","link":"https:\/\/www.gsttrading.de\/tr\/konseptimiz\/","title":{"rendered":"Konseptimiz"},"content":{"rendered":"\n<p>GST TRADDING s\u00fcrd\u00fcr\u00fclebilir bir \u00e7evre ve dengeli bir \u00fcretim tekni\u011fine olan inan\u00e7la kurulmu\u015ftur. \u00d6nceli\u011fimiz \u00e7evreyi koruyucu kurallar\u0131n \u00fcretim ve ticaret hayat\u0131nda etkin olmas\u0131d\u0131r. Bu y\u00f6nde, ba\u015fta Avrupa Birli\u011fi kurallar\u0131 olmak \u00fczere \u00e7evrenin s\u00fcrd\u00fcr\u00fclebilirli\u011fi konusunda al\u0131nan t\u00fcm kararlar ve bilimsel sonu\u00e7lar \u015firketimizce uygulanacak ve tercihlerimizde bu hep \u00f6n planda tutulacakt\u0131r.<\/p>\n\n\n\n<p>\u015eirket konsepti gere\u011fi, \u00e7evreyi koruma kurallar\u0131na uygun ve \u00f6zellikle geri d\u00f6n\u00fc\u015ft\u00fcr\u00fclm\u00fc\u015f malzemelerden yap\u0131lm\u0131\u015f \u00fcr\u00fcnleri bulma, bunlar\u0131 tedarik etme ve pazarlamas\u0131na arac\u0131l\u0131k etmektedir. &nbsp; \u015eirketimizin tedarik etti\u011fi \u00fcr\u00fcnlerin imalat ve lojistik s\u00fcre\u00e7lerinde \u00e7evre koruma kurallar\u0131na uyan \u00fcreticilere \u00f6ncelik tan\u0131nacak, \u00fcretici ve lojistik firmalar\u0131n\u0131n bu kurallara uymalar\u0131 te\u015fvik edilecek ve kontrol edilecektir.<\/p>\n","protected":false},"excerpt":{"rendered":"<p>GST TRADDING s\u00fcrd\u00fcr\u00fclebilir bir \u00e7evre ve dengeli bir \u00fcretim tekni\u011fine olan inan\u00e7la kurulmu\u015ftur. \u00d6nceli\u011fimiz \u00e7evreyi koruyucu kurallar\u0131n \u00fcretim ve ticaret hayat\u0131nda etkin olmas\u0131d\u0131r. Bu y\u00f6nde, ba\u015fta Avrupa Birli\u011fi kurallar\u0131 olmak \u00fczere \u00e7evrenin s\u00fcrd\u00fcr\u00fclebilirli\u011fi konusunda al\u0131nan t\u00fcm kararlar ve bilimsel sonu\u00e7lar \u015firketimizce uygulanacak ve tercihlerimizde bu hep \u00f6n planda tutulacakt\u0131r. \u015eirket konsepti gere\u011fi, \u00e7evreyi koruma kurallar\u0131na [&hellip;]<\/p>\n","protected":false},"author":1,"featured_media":0,"parent":0,"menu_order":0,"comment_status":"closed","ping_status":"closed","template":"","meta":{"footnotes":""},"class_list":["post-376","page","type-page","status-publish","hentry"],"aioseo_notices":[],"_links":{"self":[{"href":"https:\/\/www.gsttrading.de\/tr\/wp-json\/wp\/v2\/pages\/376","targetHints":{"allow":["GET"]}}],"collection":[{"href":"https:\/\/www.gsttrading.de\/tr\/wp-json\/wp\/v2\/pages"}],"about":[{"href":"https:\/\/www.gsttrading.de\/tr\/wp-json\/wp\/v2\/types\/page"}],"author":[{"embeddable":true,"href":"https:\/\/www.gsttrading.de\/tr\/wp-json\/wp\/v2\/users\/1"}],"replies":[{"embeddable":true,"href":"https:\/\/www.gsttrading.de\/tr\/wp-json\/wp\/v2\/comments?post=376"}],"version-history":[{"count":2,"href":"https:\/\/www.gsttrading.de\/tr\/wp-json\/wp\/v2\/pages\/376\/revisions"}],"predecessor-version":[{"id":603,"href":"https:\/\/www.gsttrading.de\/tr\/wp-json\/wp\/v2\/pages\/376\/revisions\/603"}],"wp:attachment":[{"href":"https:\/\/www.gsttrading.de\/tr\/wp-json\/wp\/v2\/media?parent=376"}],"curies":[{"name":"wp","href":"https:\/\/api.w.org\/{rel}","templated":true}]}}